{"id":902,"date":"2021-01-29T10:43:49","date_gmt":"2021-01-29T10:43:49","guid":{"rendered":"https:\/\/cdn.gillion.shufflehound.com\/gizmo_news\/?page_id=902"},"modified":"2022-01-21T17:48:27","modified_gmt":"2022-01-21T17:48:27","slug":"home-gizmo-news-elementor","status":"publish","type":"page","link":"https:\/\/www.pantarei.fr\/blog\/","title":{"rendered":"Home &#8211; Gizmo News (Elementor)"},"content":{"rendered":"\t\t<div data-elementor-type=\"wp-page\" data-elementor-id=\"902\" class=\"elementor elementor-902\" data-elementor-settings=\"[]\">\n\t\t\t\t\t\t\t<div class=\"elementor-section-wrap\">\n\t\t\t\t\t\t\t<section class=\"elementor-section elementor-top-section elementor-element elementor-element-edfaae9 elementor-section-boxed elementor-section-height-default elementor-section-height-default\" data-id=\"edfaae9\" data-element_type=\"section\">\n\t\t\t\t\t\t<div class=\"elementor-container elementor-column-gap-default\">\n\t\t\t\t\t<div class=\"elementor-column elementor-col-100 elementor-top-column elementor-element elementor-element-b141a22\" data-id=\"b141a22\" data-element_type=\"column\">\n\t\t\t<div class=\"elementor-widget-wrap elementor-element-populated\">\n\t\t\t\t\t\t\t\t<div class=\"elementor-element elementor-element-cddd012 elementor-widget elementor-widget-gillion-blog-text-slider\" data-id=\"cddd012\" data-element_type=\"widget\" data-widget_type=\"gillion-blog-text-slider.default\">\n\t\t\t\t<div class=\"elementor-widget-container\">\n\t\t\t\n            <style media=\"screen\">\n                .blog-textslider-5LXG1utFmb.blog-textslider-style1 .blog-textslider-title {\n                    background-color: #36bae2;\n                }\n\n                .blog-textslider-5LXG1utFmb.blog-textslider-style2 .blog-textslider-title,\n                .blog-textslider-5LXG1utFmb.blog-textslider-style3 .blog-textslider-title,\n                .blog-textslider-5LXG1utFmb.blog-textslider-style4 .blog-textslider-title {\n                    border-color: #36bae2;\n                \tcolor: #36bae2;\n                }\n            <\/style>\n            <script type=\"text\/javascript\">\n                jQuery(document).ready(function ($) {\n                    \"use strict\";\n                    if( $.isFunction( $.fn.sh_carousel ) ) {\n                        jQuery('.blog-textslider-5LXG1utFmb .blog-textslider-posts').sh_carousel();\n                    }\n                });\n            <\/script>\n            <div class=\"blog-textslider blog-textslider-5LXG1utFmb blog-textslider-style1 sh-table\">\n                                    <div class=\"sh-table-cell\">\n                        <div class=\"blog-textslider-title sh-heading-font\">\n                            Trending Articles                        <\/div>\n                    <\/div>\n                                <div class=\"sh-table-cell\" style=\"width: 100%;\">\n                    <div class=\"blog-textslider-posts\">\n                        \n                                <div class=\"blog-textslider-post\">\n                                                                            <a href=\"https:\/\/www.pantarei.fr\/blog\/comment-conserver-les-aliments-et-prevenir-les-parasites\/\">\n                                            Comment conserver les aliments et pr\u00e9venir les parasites ?                                        <\/a>\n                                                                    <\/div>\n\n                            \n                                <div class=\"blog-textslider-post\">\n                                                                            <a href=\"https:\/\/www.pantarei.fr\/blog\/comment-mesurer-le-climat-social-dune-entreprise-cible\/\">\n                                            Comment mesurer le climat social d\u2019une entreprise cible                                        <\/a>\n                                                                    <\/div>\n\n                            \n                                <div class=\"blog-textslider-post\">\n                                                                            <a href=\"https:\/\/www.pantarei.fr\/blog\/quels-recours-si-votre-carte-bancaire-est-debitee-deux-fois\/\">\n                                            Quels recours si votre carte bancaire est d\u00e9bit\u00e9e deux fois ?                                        <\/a>\n                                                                    <\/div>\n\n                            \n                                <div class=\"blog-textslider-post\">\n                                                                            <a href=\"https:\/\/www.pantarei.fr\/blog\/quelles-garanties-demander-lors-dun-pret-professionnel\/\">\n                                            Quelles garanties demander lors d\u2019un pr\u00eat professionnel ?                                        <\/a>\n                                                                    <\/div>\n\n                                                <\/div>\n                <\/div>\n            <\/div>\n\n        \t\t<\/div>\n\t\t\t\t<\/div>\n\t\t\t\t\t<\/div>\n\t\t<\/div>\n\t\t\t\t\t\t\t<\/div>\n\t\t<\/section>\n\t\t\t\t<section class=\"elementor-section elementor-top-section elementor-element elementor-element-124b80d elementor-section-boxed elementor-section-height-default elementor-section-height-default\" data-id=\"124b80d\" data-element_type=\"section\">\n\t\t\t\t\t\t<div class=\"elementor-container elementor-column-gap-default\">\n\t\t\t\t\t<div class=\"elementor-column elementor-col-100 elementor-top-column elementor-element elementor-element-fc162c4\" data-id=\"fc162c4\" data-element_type=\"column\">\n\t\t\t<div class=\"elementor-widget-wrap elementor-element-populated\">\n\t\t\t\t\t\t\t\t<div class=\"elementor-element elementor-element-6cb9a30 elementor-widget elementor-widget-gillion-blog-posts\" data-id=\"6cb9a30\" data-element_type=\"widget\" data-widget_type=\"gillion-blog-posts.default\">\n\t\t\t\t<div class=\"elementor-widget-container\">\n\t\t\t\n            \n            \n\n            <div class=\"blog-posts-fancy-L9tsD4ZBdi sh-blog-fancy\">\n                \n                <div class=\"blog-fancy-carousel-disabled blog-style-cover columns2 \">\n                                    <\/div>\n                            <\/div>\n\n\n\n\n\n        \t\t<\/div>\n\t\t\t\t<\/div>\n\t\t\t\t\t<\/div>\n\t\t<\/div>\n\t\t\t\t\t\t\t<\/div>\n\t\t<\/section>\n\t\t\t\t<section class=\"elementor-section elementor-top-section elementor-element elementor-element-9be6ca1 elementor-section-boxed elementor-section-height-default elementor-section-height-default\" data-id=\"9be6ca1\" data-element_type=\"section\">\n\t\t\t\t\t\t<div class=\"elementor-container elementor-column-gap-default\">\n\t\t\t\t\t<div class=\"elementor-column elementor-col-100 elementor-top-column elementor-element elementor-element-956d58c\" data-id=\"956d58c\" data-element_type=\"column\">\n\t\t\t<div class=\"elementor-widget-wrap elementor-element-populated\">\n\t\t\t\t\t\t\t\t<div class=\"elementor-element elementor-element-b472557 elementor-widget elementor-widget-gillion-blog-posts\" data-id=\"b472557\" data-element_type=\"widget\" data-widget_type=\"gillion-blog-posts.default\">\n\t\t\t\t<div class=\"elementor-widget-container\">\n\t\t\t\n            \n            \n\n            <div class=\"blog-posts-fancy-VKh31ATlo8 sh-blog-fancy\">\n                                                            <div class=\"sh-blog-fancy-title-container\">\n                            <h2 class=\"sh-blog-fancy-title\">\n                                TODAYS HIGHLIGHTS                            <\/h2>\n                        <\/div>\n                                    \n                <div class=\"blog-fancy-carousel-disabled blog-style-mini1 columns4 \">\n                                    <\/div>\n                            <\/div>\n\n\n\n\n\n        \t\t<\/div>\n\t\t\t\t<\/div>\n\t\t\t\t\t<\/div>\n\t\t<\/div>\n\t\t\t\t\t\t\t<\/div>\n\t\t<\/section>\n\t\t\t\t<section class=\"elementor-section elementor-top-section elementor-element elementor-element-d38e99e elementor-section-full_width elementor-section-stretched elementor-section-height-default elementor-section-height-default\" data-id=\"d38e99e\" data-element_type=\"section\" data-settings=\"{&quot;stretch_section&quot;:&quot;section-stretched&quot;}\">\n\t\t\t\t\t\t<div class=\"elementor-container elementor-column-gap-no\">\n\t\t\t\t\t<div class=\"elementor-column elementor-col-100 elementor-top-column elementor-element elementor-element-05c1bec\" data-id=\"05c1bec\" data-element_type=\"column\">\n\t\t\t<div class=\"elementor-widget-wrap elementor-element-populated\">\n\t\t\t\t\t\t\t\t<div class=\"elementor-element elementor-element-7c3bff5 elementor-widget elementor-widget-gillion-blog-slider\" data-id=\"7c3bff5\" data-element_type=\"widget\" data-widget_type=\"gillion-blog-slider.default\">\n\t\t\t\t<div class=\"elementor-widget-container\">\n\t\t\t\r\n            <script type=\"text\/javascript\">\r\n            window.addEventListener( 'load', function() {\r\n                jQuery('.blog-slider-HzX63diRPa').addClass( 'loaded' );\r\n            });\r\n\r\n        \r\n            jQuery(document).ready(function ($) {\r\n\r\n                                                    if( $.isFunction( $.fn.slick ) ) {\r\n                                                $('.blog-slider-HzX63diRPa .blog-slider-list').slick({\r\n                        \r\n                            \/* rtl: , *\/\r\n\r\n                            autoplay: true,\r\n                            autoplaySpeed: 6000,\r\n\r\n                            dots: true,\r\n                            arrows: true,\r\n                            swipe:  true,\r\n                            swipeToSlide: true,\r\n                            cssEase: 'cubic-bezier(0.445, 0.05, 0.55, 0.95)',\r\n                            appendDots: $('.blog-slider-HzX63diRPa .blog-slider-dots'),\r\n                            fade: false,\r\n                            speed: 1100,\r\n                            slidesToScroll: 0,\r\n\r\n                                                            slidesToShow: 1,\r\n                                prevArrow: '<div class=\"slick-prev\"><\/div>',\r\n                                nextArrow: '<div class=\"slick-next\"><\/div>',\r\n                            \r\n                            \r\n                                                            useTransform: true,\r\n                                centerMode: true,\r\n                                centerPadding: '29%',\r\n                                responsive: [\r\n                                    {\r\n                                        breakpoint: 1400,\r\n                                        settings: { centerPadding: '23%', }\r\n                                    },\r\n                                    {\r\n                                        breakpoint: 1200,\r\n                                        settings: { centerPadding: '15%', }\r\n                                    },\r\n                                    {\r\n                                        breakpoint: 768,\r\n                                        settings: { centerPadding: '5%', }\r\n                                    },\r\n                                    {\r\n                                        breakpoint: 600,\r\n                                        settings: { centerPadding: '0%', }\r\n                                    }\r\n                                  ]\r\n                                                    });\r\n                    }\r\n                \r\n\r\n                                \r\n                    $('.blog-slider-HzX63diRPa .blog-slider-list').on('setPosition', function(event, slick, currentSlide, nextSlide){\r\n                        var slider_info = $('.blog-slider-HzX63diRPa .blog-slider-item.slick-active');\r\n                        $('.blog-slider-HzX63diRPa .blog-slider-list .slick-prev').html( '<i class=\"icon icon-arrow-left-circle\"><\/i><p class=\"sh-heading-font\">' + slider_info.prev().find('.post-categories').html() + '<\/p><h5>' + slider_info.prev().find('h2').html() + '<\/h5>' ).fadeIn('slow');\r\n                        $('.blog-slider-HzX63diRPa .blog-slider-list .slick-next').html( '<i class=\"icon icon-arrow-right-circle\"><\/i><p class=\"sh-heading-font\">' + slider_info.next().find('.post-categories').html() + '<\/p><h5>' + slider_info.next().find('h2').html() + '<\/h5>' ).fadeIn('slow');\r\n                    });\r\n\r\n                \r\n            });\r\n            <\/script>\r\n\r\n\r\n            \r\n\r\n                <div class=\"blog-slider blog-slider-style2 blog-slider-HzX63diRPa blog-slider-uppercase-title\" style=\"position: relative;\">\r\n                    <div class=\"blog-slider-list\">\r\n                                            <\/div>\r\n                    <div class=\"blog-slider-dots\"><\/div>\r\n                <\/div>\r\n\r\n\r\n            \t\t<\/div>\n\t\t\t\t<\/div>\n\t\t\t\t\t<\/div>\n\t\t<\/div>\n\t\t\t\t\t\t\t<\/div>\n\t\t<\/section>\n\t\t\t\t\t\t<\/div>\n\t\t\t\t\t<\/div>\n\t\t","protected":false},"excerpt":{"rendered":"<p>Trending Articles Different Heaven \u2013 Safe And Sound Best Waterproof Cases For GoPro Action Camera Is New Iphone Worth It? Best Cheap Smart Watch Innovation, Lifestyle, Tech Top Ten Gadgets of 2017&nbsp; Gillion, 4 years ago 2 2 min read &nbsp; Health, Interior How To&#8230;<\/p>\n","protected":false},"author":1,"featured_media":0,"parent":0,"menu_order":0,"comment_status":"closed","ping_status":"closed","template":"page-blog.php","meta":{"footnotes":""},"class_list":["post-902","page","type-page","status-publish","hentry"],"yoast_head":"<!-- This site is optimized with the Yoast SEO plugin v17.9 - https:\/\/yoast.com\/wordpress\/plugins\/seo\/ -->\n<title>Pantarei.fr | L&#039;actualit\u00e9 au sens propre !<\/title>\n<meta name=\"description\" content=\"Pantarei.fr vous offre l&#039;actualit\u00e9 du moment que ce soit sportif, \u00e9conomique et bien plus ! C&#039;est le moment de d\u00e9couvrir notre actu.\" \/>\n<meta name=\"robots\" content=\"index, follow, max-snippet:-1, max-image-preview:large, max-video-preview:-1\" \/>\n<link rel=\"canonical\" href=\"https:\/\/www.pantarei.fr\/blog\/\" \/>\n<meta property=\"og:locale\" content=\"fr_FR\" \/>\n<meta property=\"og:type\" content=\"article\" \/>\n<meta property=\"og:title\" content=\"Pantarei.fr | L&#039;actualit\u00e9 au sens propre !\" \/>\n<meta property=\"og:description\" content=\"Pantarei.fr vous offre l&#039;actualit\u00e9 du moment que ce soit sportif, \u00e9conomique et bien plus ! C&#039;est le moment de d\u00e9couvrir notre actu.\" \/>\n<meta property=\"og:url\" content=\"https:\/\/www.pantarei.fr\/blog\/\" \/>\n<meta property=\"og:site_name\" content=\"Pantarei\" \/>\n<meta property=\"article:modified_time\" content=\"2022-01-21T17:48:27+00:00\" \/>\n<meta property=\"og:image\" content=\"http:\/\/0.gravatar.com\/avatar\/f88c13d62ba761a92211e266c22dbb1f?s=28&#038;d=mm&#038;r=g\" \/>\n<meta name=\"twitter:card\" content=\"summary_large_image\" \/>\n<meta name=\"twitter:label1\" content=\"Dur\u00e9e de lecture estim\u00e9e\" \/>\n\t<meta name=\"twitter:data1\" content=\"3 minutes\" \/>\n<script type=\"application\/ld+json\" class=\"yoast-schema-graph\">{\"@context\":\"https:\/\/schema.org\",\"@graph\":[{\"@type\":\"WebSite\",\"@id\":\"https:\/\/www.pantarei.fr\/blog\/#website\",\"url\":\"https:\/\/www.pantarei.fr\/blog\/\",\"name\":\"Pantarei\",\"description\":\"Actualit\\u00e9s Sports\",\"potentialAction\":[{\"@type\":\"SearchAction\",\"target\":{\"@type\":\"EntryPoint\",\"urlTemplate\":\"https:\/\/www.pantarei.fr\/blog\/?s={search_term_string}\"},\"query-input\":\"required name=search_term_string\"}],\"inLanguage\":\"fr-FR\"},{\"@type\":\"ImageObject\",\"@id\":\"https:\/\/www.pantarei.fr\/blog\/#primaryimage\",\"inLanguage\":\"fr-FR\",\"url\":\"http:\/\/0.gravatar.com\/avatar\/f88c13d62ba761a92211e266c22dbb1f?s=28&amp;d=mm&amp;r=g\",\"contentUrl\":\"http:\/\/0.gravatar.com\/avatar\/f88c13d62ba761a92211e266c22dbb1f?s=28&amp;d=mm&amp;r=g\"},{\"@type\":\"WebPage\",\"@id\":\"https:\/\/www.pantarei.fr\/blog\/#webpage\",\"url\":\"https:\/\/www.pantarei.fr\/blog\/\",\"name\":\"Pantarei.fr | L'actualit\\u00e9 au sens propre !\",\"isPartOf\":{\"@id\":\"https:\/\/www.pantarei.fr\/blog\/#website\"},\"primaryImageOfPage\":{\"@id\":\"https:\/\/www.pantarei.fr\/blog\/#primaryimage\"},\"datePublished\":\"2021-01-29T10:43:49+00:00\",\"dateModified\":\"2022-01-21T17:48:27+00:00\",\"description\":\"Pantarei.fr vous offre l'actualit\\u00e9 du moment que ce soit sportif, \\u00e9conomique et bien plus ! C'est le moment de d\\u00e9couvrir notre actu.\",\"breadcrumb\":{\"@id\":\"https:\/\/www.pantarei.fr\/blog\/#breadcrumb\"},\"inLanguage\":\"fr-FR\",\"potentialAction\":[{\"@type\":\"ReadAction\",\"target\":[\"https:\/\/www.pantarei.fr\/blog\/\"]}]},{\"@type\":\"BreadcrumbList\",\"@id\":\"https:\/\/www.pantarei.fr\/blog\/#breadcrumb\",\"itemListElement\":[{\"@type\":\"ListItem\",\"position\":1,\"name\":\"Accueil\",\"item\":\"https:\/\/www.pantarei.fr\/blog\/\"},{\"@type\":\"ListItem\",\"position\":2,\"name\":\"Home &#8211; Gizmo News (Elementor)\"}]}]}<\/script>\n<!-- \/ Yoast SEO plugin. -->","yoast_head_json":{"title":"Pantarei.fr | L'actualit\u00e9 au sens propre !","description":"Pantarei.fr vous offre l'actualit\u00e9 du moment que ce soit sportif, \u00e9conomique et bien plus ! C'est le moment de d\u00e9couvrir notre actu.","robots":{"index":"index","follow":"follow","max-snippet":"max-snippet:-1","max-image-preview":"max-image-preview:large","max-video-preview":"max-video-preview:-1"},"canonical":"https:\/\/www.pantarei.fr\/blog\/","og_locale":"fr_FR","og_type":"article","og_title":"Pantarei.fr | L'actualit\u00e9 au sens propre !","og_description":"Pantarei.fr vous offre l'actualit\u00e9 du moment que ce soit sportif, \u00e9conomique et bien plus ! C'est le moment de d\u00e9couvrir notre actu.","og_url":"https:\/\/www.pantarei.fr\/blog\/","og_site_name":"Pantarei","article_modified_time":"2022-01-21T17:48:27+00:00","og_image":[{"url":"http:\/\/0.gravatar.com\/avatar\/f88c13d62ba761a92211e266c22dbb1f?s=28&amp;d=mm&amp;r=g"}],"twitter_card":"summary_large_image","twitter_misc":{"Dur\u00e9e de lecture estim\u00e9e":"3 minutes"},"schema":{"@context":"https:\/\/schema.org","@graph":[{"@type":"WebSite","@id":"https:\/\/www.pantarei.fr\/blog\/#website","url":"https:\/\/www.pantarei.fr\/blog\/","name":"Pantarei","description":"Actualit\u00e9s Sports","potentialAction":[{"@type":"SearchAction","target":{"@type":"EntryPoint","urlTemplate":"https:\/\/www.pantarei.fr\/blog\/?s={search_term_string}"},"query-input":"required name=search_term_string"}],"inLanguage":"fr-FR"},{"@type":"ImageObject","@id":"https:\/\/www.pantarei.fr\/blog\/#primaryimage","inLanguage":"fr-FR","url":"http:\/\/0.gravatar.com\/avatar\/f88c13d62ba761a92211e266c22dbb1f?s=28&amp;d=mm&amp;r=g","contentUrl":"http:\/\/0.gravatar.com\/avatar\/f88c13d62ba761a92211e266c22dbb1f?s=28&amp;d=mm&amp;r=g"},{"@type":"WebPage","@id":"https:\/\/www.pantarei.fr\/blog\/#webpage","url":"https:\/\/www.pantarei.fr\/blog\/","name":"Pantarei.fr | L'actualit\u00e9 au sens propre !","isPartOf":{"@id":"https:\/\/www.pantarei.fr\/blog\/#website"},"primaryImageOfPage":{"@id":"https:\/\/www.pantarei.fr\/blog\/#primaryimage"},"datePublished":"2021-01-29T10:43:49+00:00","dateModified":"2022-01-21T17:48:27+00:00","description":"Pantarei.fr vous offre l'actualit\u00e9 du moment que ce soit sportif, \u00e9conomique et bien plus ! C'est le moment de d\u00e9couvrir notre actu.","breadcrumb":{"@id":"https:\/\/www.pantarei.fr\/blog\/#breadcrumb"},"inLanguage":"fr-FR","potentialAction":[{"@type":"ReadAction","target":["https:\/\/www.pantarei.fr\/blog\/"]}]},{"@type":"BreadcrumbList","@id":"https:\/\/www.pantarei.fr\/blog\/#breadcrumb","itemListElement":[{"@type":"ListItem","position":1,"name":"Accueil","item":"https:\/\/www.pantarei.fr\/blog\/"},{"@type":"ListItem","position":2,"name":"Home &#8211; Gizmo News (Elementor)"}]}]}},"_links":{"self":[{"href":"https:\/\/www.pantarei.fr\/blog\/wp-json\/wp\/v2\/pages\/902","targetHints":{"allow":["GET"]}}],"collection":[{"href":"https:\/\/www.pantarei.fr\/blog\/wp-json\/wp\/v2\/pages"}],"about":[{"href":"https:\/\/www.pantarei.fr\/blog\/wp-json\/wp\/v2\/types\/page"}],"author":[{"embeddable":true,"href":"https:\/\/www.pantarei.fr\/blog\/wp-json\/wp\/v2\/users\/1"}],"replies":[{"embeddable":true,"href":"https:\/\/www.pantarei.fr\/blog\/wp-json\/wp\/v2\/comments?post=902"}],"version-history":[{"count":1,"href":"https:\/\/www.pantarei.fr\/blog\/wp-json\/wp\/v2\/pages\/902\/revisions"}],"predecessor-version":[{"id":961,"href":"https:\/\/www.pantarei.fr\/blog\/wp-json\/wp\/v2\/pages\/902\/revisions\/961"}],"wp:attachment":[{"href":"https:\/\/www.pantarei.fr\/blog\/wp-json\/wp\/v2\/media?parent=902"}],"curies":[{"name":"wp","href":"https:\/\/api.w.org\/{rel}","templated":true}]}}